{"id":8,"date":"2020-11-22T13:48:02","date_gmt":"2020-11-22T12:48:02","guid":{"rendered":"https:\/\/www.ozpksr.sk\/?page_id=8"},"modified":"2022-02-02T10:14:05","modified_gmt":"2022-02-02T09:14:05","slug":"o-nas","status":"publish","type":"page","link":"https:\/\/www.ozpksr.sk\/","title":{"rendered":"O n\u00e1s"},"content":{"rendered":"\n<p>Za\u010diatkom 90\u2013tych rokov minul\u00e9ho storo\u010dia rozpadom Revolu\u010dn\u00e9ho odborov\u00e9ho hnutia vznikla 1. \u010deskoslovensk\u00e1 odborov\u00e1 centr\u00e1la &#8211; Konfeder\u00e1cia umenia a&nbsp;kult\u00fary (KUK), ktor\u00e1 zdru\u017eovala nieko\u013eko odborov\u00fdch zv\u00e4zov pod\u013ea profesijnej orient\u00e1cie ich \u010dlenov. V&nbsp;marci 1991 sa konal prv\u00fd riadny zjazd Odborov\u00e9ho svazu pracovn\u00edk\u016f knihoven (OSPK), ktor\u00fd fungoval na dvojkomorovom syst\u00e9me \u2013 \u010desk\u00e1 a&nbsp;slovensk\u00e1 komora. Majetkov\u00e1, delimita\u010dn\u00e1 a&nbsp;spr\u00e1vna \u00fania rozdelila aj majetok predch\u00e1dzaj\u00faceho ROH, pre novovzniknut\u00e9 odborov\u00e9 zv\u00e4zy, pomerne pod\u013ea po\u010dtu \u010dlenskej z\u00e1kladne. Po rozdelen\u00ed republiky v&nbsp;roku 1993 z OSPK &nbsp;vznikli dva n\u00e1rodn\u00e9 zv\u00e4zy. Na Slovensku pr\u00e1ve Odborov\u00fd zv\u00e4z pracovn\u00edkov kni\u017en\u00edc SR.<\/p>\n\n\n\n<p><br>Prvou zvolenou predsedn\u00ed\u010dkou Odborov\u00e9ho zv\u00e4zu pracovn\u00edkov kni\u017en\u00edc SR (OZPK SR) sa stala PhDr. Janka \u00c1ghov\u00e1, ktor\u00e1 vykon\u00e1vala t\u00fato funkciu do roku 1999. V&nbsp;porad\u00ed druhou predsedn\u00ed\u010dkou n\u00e1\u0161ho zv\u00e4zu bola a\u017e do roku 2013 pani Jana T\u00f3thov\u00e1. Teraj\u0161ou predsedn\u00ed\u010dkou zv\u00e4zu je Mgr. D\u00e1\u0161a Machalov\u00e1. <\/p>\n\n\n\n<p>Prioritou a\u00a0poslan\u00edm n\u00e1\u0161ho zv\u00e4zu je zdru\u017eova\u0165 \u010dlenov na obhajobu ich pr\u00e1v a\u00a0presadzovanie ich pracovn\u00fdch, soci\u00e1lnych, kult\u00farnych a\u00a0\u010fal\u0161\u00edch z\u00e1ujmov a\u00a0potrieb, ktor\u00e9 vznikaj\u00fa alebo s\u00favisia s\u00a0vykon\u00e1van\u00edm ich zamestnania a\u00a0povolania v\u00a0\u0161t\u00e1tnych organiz\u00e1ci\u00e1ch a\u00a0organiz\u00e1ci\u00e1ch zriaden\u00fdch V\u00daC. K\u013e\u00fa\u010dov\u00fdmi piliermi OZPK SR, z\u00a0 h\u013eadiska presadzovania z\u00e1ujmov a\u00a0potrieb zamestnancov, s\u00fa \u010dlensk\u00e9 z\u00e1kladne. V\u00a0s\u00fa\u010dasnosti OZPK SR zdru\u017euje\u00a030 z\u00e1kladn\u00fdch organiz\u00e1ci\u00ed.<\/p>\n","protected":false},"excerpt":{"rendered":"<p>Za\u010diatkom 90\u2013tych rokov minul\u00e9ho storo\u010dia rozpadom Revolu\u010dn\u00e9ho odborov\u00e9ho hnutia vznikla 1. \u010deskoslovensk\u00e1 odborov\u00e1 centr\u00e1la &#8211; Konfeder\u00e1cia umenia a&nbsp;kult\u00fary (KUK), ktor\u00e1 zdru\u017eovala nieko\u013eko odborov\u00fdch zv\u00e4zov pod\u013ea profesijnej orient\u00e1cie ich \u010dlenov. V&nbsp;marci 1991 sa konal prv\u00fd riadny zjazd Odborov\u00e9ho svazu pracovn\u00edk\u016f knihoven (OSPK), ktor\u00fd fungoval na dvojkomorovom syst\u00e9me \u2013 \u010desk\u00e1 a&nbsp;slovensk\u00e1 komora. Majetkov\u00e1, delimita\u010dn\u00e1 a&nbsp;spr\u00e1vna \u00fania rozdelila [&hellip;]<\/p>\n","protected":false},"author":1,"featured_media":0,"parent":0,"menu_order":0,"comment_status":"closed","ping_status":"closed","template":"","meta":{"_mi_skip_tracking":false},"yoast_head":"<!-- This site is optimized with the Yoast SEO plugin v21.1 - https:\/\/yoast.com\/wordpress\/plugins\/seo\/ -->\n<title>O n\u00e1s - Odborov\u00fd zv\u00e4z pracovn\u00edkov kni\u017en\u00edc Slovenskej republiky<\/title>\n<meta name=\"robots\" content=\"index, follow, max-snippet:-1, max-image-preview:large, max-video-preview:-1\" \/>\n<link rel=\"canonical\" href=\"https:\/\/www.ozpksr.sk\/\" \/>\n<meta property=\"og:locale\" content=\"sk_SK\" \/>\n<meta property=\"og:type\" content=\"article\" \/>\n<meta property=\"og:title\" content=\"O n\u00e1s - Odborov\u00fd zv\u00e4z pracovn\u00edkov kni\u017en\u00edc Slovenskej republiky\" \/>\n<meta property=\"og:description\" content=\"Za\u010diatkom 90\u2013tych rokov minul\u00e9ho storo\u010dia rozpadom Revolu\u010dn\u00e9ho odborov\u00e9ho hnutia vznikla 1. \u010deskoslovensk\u00e1 odborov\u00e1 centr\u00e1la &#8211; Konfeder\u00e1cia umenia a&nbsp;kult\u00fary (KUK), ktor\u00e1 zdru\u017eovala nieko\u013eko odborov\u00fdch zv\u00e4zov pod\u013ea profesijnej orient\u00e1cie ich \u010dlenov. V&nbsp;marci 1991 sa konal prv\u00fd riadny zjazd Odborov\u00e9ho svazu pracovn\u00edk\u016f knihoven (OSPK), ktor\u00fd fungoval na dvojkomorovom syst\u00e9me \u2013 \u010desk\u00e1 a&nbsp;slovensk\u00e1 komora. Majetkov\u00e1, delimita\u010dn\u00e1 a&nbsp;spr\u00e1vna \u00fania rozdelila [&hellip;]\" \/>\n<meta property=\"og:url\" content=\"https:\/\/www.ozpksr.sk\/\" \/>\n<meta property=\"og:site_name\" content=\"Odborov\u00fd zv\u00e4z pracovn\u00edkov kni\u017en\u00edc Slovenskej republiky\" \/>\n<meta property=\"article:modified_time\" content=\"2022-02-02T09:14:05+00:00\" \/>\n<meta name=\"twitter:card\" content=\"summary_large_image\" \/>\n<meta name=\"twitter:label1\" content=\"Predpokladan\u00fd \u010das \u010d\u00edtania\" \/>\n\t<meta name=\"twitter:data1\" content=\"1 min\u00fata\" \/>\n<script type=\"application\/ld+json\" class=\"yoast-schema-graph\">{\"@context\":\"https:\/\/schema.org\",\"@graph\":[{\"@type\":\"WebPage\",\"@id\":\"https:\/\/www.ozpksr.sk\/\",\"url\":\"https:\/\/www.ozpksr.sk\/\",\"name\":\"O n\u00e1s - Odborov\u00fd zv\u00e4z pracovn\u00edkov kni\u017en\u00edc Slovenskej republiky\",\"isPartOf\":{\"@id\":\"https:\/\/www.ozpksr.sk\/#website\"},\"datePublished\":\"2020-11-22T12:48:02+00:00\",\"dateModified\":\"2022-02-02T09:14:05+00:00\",\"breadcrumb\":{\"@id\":\"https:\/\/www.ozpksr.sk\/#breadcrumb\"},\"inLanguage\":\"sk-SK\",\"potentialAction\":[{\"@type\":\"ReadAction\",\"target\":[\"https:\/\/www.ozpksr.sk\/\"]}]},{\"@type\":\"BreadcrumbList\",\"@id\":\"https:\/\/www.ozpksr.sk\/#breadcrumb\",\"itemListElement\":[{\"@type\":\"ListItem\",\"position\":1,\"name\":\"Home\",\"item\":\"https:\/\/www.ozpksr.sk\/\"},{\"@type\":\"ListItem\",\"position\":2,\"name\":\"O n\u00e1s\"}]},{\"@type\":\"WebSite\",\"@id\":\"https:\/\/www.ozpksr.sk\/#website\",\"url\":\"https:\/\/www.ozpksr.sk\/\",\"name\":\"Odborov\u00fd zv\u00e4z pracovn\u00edkov kni\u017en\u00edc Slovenskej republiky\",\"description\":\"\",\"potentialAction\":[{\"@type\":\"SearchAction\",\"target\":{\"@type\":\"EntryPoint\",\"urlTemplate\":\"https:\/\/www.ozpksr.sk\/?s={search_term_string}\"},\"query-input\":\"required name=search_term_string\"}],\"inLanguage\":\"sk-SK\"}]}<\/script>\n<!-- \/ Yoast SEO plugin. -->","yoast_head_json":{"title":"O n\u00e1s - Odborov\u00fd zv\u00e4z pracovn\u00edkov kni\u017en\u00edc Slovenskej republiky","robots":{"index":"index","follow":"follow","max-snippet":"max-snippet:-1","max-image-preview":"max-image-preview:large","max-video-preview":"max-video-preview:-1"},"canonical":"https:\/\/www.ozpksr.sk\/","og_locale":"sk_SK","og_type":"article","og_title":"O n\u00e1s - Odborov\u00fd zv\u00e4z pracovn\u00edkov kni\u017en\u00edc Slovenskej republiky","og_description":"Za\u010diatkom 90\u2013tych rokov minul\u00e9ho storo\u010dia rozpadom Revolu\u010dn\u00e9ho odborov\u00e9ho hnutia vznikla 1. \u010deskoslovensk\u00e1 odborov\u00e1 centr\u00e1la &#8211; Konfeder\u00e1cia umenia a&nbsp;kult\u00fary (KUK), ktor\u00e1 zdru\u017eovala nieko\u013eko odborov\u00fdch zv\u00e4zov pod\u013ea profesijnej orient\u00e1cie ich \u010dlenov. V&nbsp;marci 1991 sa konal prv\u00fd riadny zjazd Odborov\u00e9ho svazu pracovn\u00edk\u016f knihoven (OSPK), ktor\u00fd fungoval na dvojkomorovom syst\u00e9me \u2013 \u010desk\u00e1 a&nbsp;slovensk\u00e1 komora. Majetkov\u00e1, delimita\u010dn\u00e1 a&nbsp;spr\u00e1vna \u00fania rozdelila [&hellip;]","og_url":"https:\/\/www.ozpksr.sk\/","og_site_name":"Odborov\u00fd zv\u00e4z pracovn\u00edkov kni\u017en\u00edc Slovenskej republiky","article_modified_time":"2022-02-02T09:14:05+00:00","twitter_card":"summary_large_image","twitter_misc":{"Predpokladan\u00fd \u010das \u010d\u00edtania":"1 min\u00fata"},"schema":{"@context":"https:\/\/schema.org","@graph":[{"@type":"WebPage","@id":"https:\/\/www.ozpksr.sk\/","url":"https:\/\/www.ozpksr.sk\/","name":"O n\u00e1s - Odborov\u00fd zv\u00e4z pracovn\u00edkov kni\u017en\u00edc Slovenskej republiky","isPartOf":{"@id":"https:\/\/www.ozpksr.sk\/#website"},"datePublished":"2020-11-22T12:48:02+00:00","dateModified":"2022-02-02T09:14:05+00:00","breadcrumb":{"@id":"https:\/\/www.ozpksr.sk\/#breadcrumb"},"inLanguage":"sk-SK","potentialAction":[{"@type":"ReadAction","target":["https:\/\/www.ozpksr.sk\/"]}]},{"@type":"BreadcrumbList","@id":"https:\/\/www.ozpksr.sk\/#breadcrumb","itemListElement":[{"@type":"ListItem","position":1,"name":"Home","item":"https:\/\/www.ozpksr.sk\/"},{"@type":"ListItem","position":2,"name":"O n\u00e1s"}]},{"@type":"WebSite","@id":"https:\/\/www.ozpksr.sk\/#website","url":"https:\/\/www.ozpksr.sk\/","name":"Odborov\u00fd zv\u00e4z pracovn\u00edkov kni\u017en\u00edc Slovenskej republiky","description":"","potentialAction":[{"@type":"SearchAction","target":{"@type":"EntryPoint","urlTemplate":"https:\/\/www.ozpksr.sk\/?s={search_term_string}"},"query-input":"required name=search_term_string"}],"inLanguage":"sk-SK"}]}},"_links":{"self":[{"href":"https:\/\/www.ozpksr.sk\/index.php?rest_route=\/wp\/v2\/pages\/8"}],"collection":[{"href":"https:\/\/www.ozpksr.sk\/index.php?rest_route=\/wp\/v2\/pages"}],"about":[{"href":"https:\/\/www.ozpksr.sk\/index.php?rest_route=\/wp\/v2\/types\/page"}],"author":[{"embeddable":true,"href":"https:\/\/www.ozpksr.sk\/index.php?rest_route=\/wp\/v2\/users\/1"}],"replies":[{"embeddable":true,"href":"https:\/\/www.ozpksr.sk\/index.php?rest_route=%2Fwp%2Fv2%2Fcomments&post=8"}],"version-history":[{"count":5,"href":"https:\/\/www.ozpksr.sk\/index.php?rest_route=\/wp\/v2\/pages\/8\/revisions"}],"predecessor-version":[{"id":180,"href":"https:\/\/www.ozpksr.sk\/index.php?rest_route=\/wp\/v2\/pages\/8\/revisions\/180"}],"wp:attachment":[{"href":"https:\/\/www.ozpksr.sk\/index.php?rest_route=%2Fwp%2Fv2%2Fmedia&parent=8"}],"curies":[{"name":"wp","href":"https:\/\/api.w.org\/{rel}","templated":true}]}}