{"id":34,"date":"2021-01-29T23:02:07","date_gmt":"2021-01-29T22:02:07","guid":{"rendered":"https:\/\/www.ozpksr.sk\/?page_id=34"},"modified":"2021-08-06T03:11:01","modified_gmt":"2021-08-06T01:11:01","slug":"vyhody-pre-clenov","status":"publish","type":"page","link":"https:\/\/www.ozpksr.sk\/?page_id=34","title":{"rendered":"V\u00fdhody pre \u010dlenov"},"content":{"rendered":"\n<p><\/p>\n\n\n\n<p><\/p>\n\n\n\n<p>V r\u00e1mci&nbsp;spolupr\u00e1ce so spolo\u010dnos\u0165ou DALIAN pon\u00fakame nov\u00e9&nbsp;<strong>benefity pre \u010dlenov odborov\u00e9ho zv\u00e4zu, ich&nbsp;rodinn\u00fdch pr\u00edslu\u0161n\u00edkov<\/strong>&nbsp;a t\u00fdch, ktor\u00ed sa e\u0161te nerozhodli.&nbsp;<\/p>\n\n\n\n<p>Viac inform\u00e1ci\u00ed o ponuke n\u00e1jdete na str\u00e1nkach spolo\u010dnosti\u00a0<span style=\"color:#800020\" class=\"has-inline-color\"><strong><a href=\"https:\/\/dalian.sk\/odbory\/OZPKSR\" target=\"_blank\" rel=\"noreferrer noopener\">DALIAN<\/a><\/strong><\/span><strong><span class=\"has-inline-color has-cyan-bluish-gray-color\">.<\/span><\/strong><\/p>\n\n\n\n<p><span style=\"color:#800020\" class=\"has-inline-color\"><\/span><\/p>\n\n\n\n<div class=\"wp-block-file\"><a href=\"https:\/\/www.ozpksr.sk\/wp-content\/uploads\/2021\/08\/Letak-Dalian-Diners-club-06-2021.pdf\"><span style=\"color:#800020\" class=\"has-inline-color\">Spolo\u010dnos\u0165 DALIAN poskytuje \u010dlenom a rodinn\u00fdm pr\u00edslu\u0161n\u00edkom nasledovn\u00e9 BENEFITY:<\/span> <\/a><a href=\"https:\/\/www.ozpksr.sk\/wp-content\/uploads\/2021\/08\/Letak-Dalian-Diners-club-06-2021.pdf\" class=\"wp-block-file__button\" download>Stiahnu\u0165<\/a><\/div>\n\n\n\n<div class=\"wp-block-file\"><a href=\"https:\/\/www.ozpksr.sk\/wp-content\/uploads\/2021\/08\/CENNIK-ZVYHODNENYCH-PAUSALOV-OD-SLOVAK-TELEKOMU-s-platnostou-od-1.7.2021.pdf\"><span style=\"color:#800020\" class=\"has-inline-color\">Cenn\u00edk zv\u00fdhodnen\u00fdch pau\u0161\u00e1lov od Slovak Telekomu od 1.7.2021<\/span><\/a><a href=\"https:\/\/www.ozpksr.sk\/wp-content\/uploads\/2021\/08\/CENNIK-ZVYHODNENYCH-PAUSALOV-OD-SLOVAK-TELEKOMU-s-platnostou-od-1.7.2021.pdf\" class=\"wp-block-file__button\" download>Stiahnu\u0165<\/a><\/div>\n\n\n\n<p><\/p>\n","protected":false},"excerpt":{"rendered":"<p>V r\u00e1mci&nbsp;spolupr\u00e1ce so spolo\u010dnos\u0165ou DALIAN pon\u00fakame nov\u00e9&nbsp;benefity pre \u010dlenov odborov\u00e9ho zv\u00e4zu, ich&nbsp;rodinn\u00fdch pr\u00edslu\u0161n\u00edkov&nbsp;a t\u00fdch, ktor\u00ed sa e\u0161te nerozhodli.&nbsp; Viac inform\u00e1ci\u00ed o ponuke n\u00e1jdete na str\u00e1nkach spolo\u010dnosti\u00a0DALIAN.<\/p>\n","protected":false},"author":1,"featured_media":0,"parent":0,"menu_order":0,"comment_status":"closed","ping_status":"closed","template":"","meta":{"_mi_skip_tracking":false},"yoast_head":"<!-- This site is optimized with the Yoast SEO plugin v21.1 - https:\/\/yoast.com\/wordpress\/plugins\/seo\/ -->\n<title>V\u00fdhody pre \u010dlenov - Odborov\u00fd zv\u00e4z pracovn\u00edkov kni\u017en\u00edc Slovenskej republiky<\/title>\n<meta name=\"robots\" content=\"index, follow, max-snippet:-1, max-image-preview:large, max-video-preview:-1\" \/>\n<link rel=\"canonical\" href=\"https:\/\/www.ozpksr.sk\/?page_id=34\" \/>\n<meta property=\"og:locale\" content=\"sk_SK\" \/>\n<meta property=\"og:type\" content=\"article\" \/>\n<meta property=\"og:title\" content=\"V\u00fdhody pre \u010dlenov - Odborov\u00fd zv\u00e4z pracovn\u00edkov kni\u017en\u00edc Slovenskej republiky\" \/>\n<meta property=\"og:description\" content=\"V r\u00e1mci&nbsp;spolupr\u00e1ce so spolo\u010dnos\u0165ou DALIAN pon\u00fakame nov\u00e9&nbsp;benefity pre \u010dlenov odborov\u00e9ho zv\u00e4zu, ich&nbsp;rodinn\u00fdch pr\u00edslu\u0161n\u00edkov&nbsp;a t\u00fdch, ktor\u00ed sa e\u0161te nerozhodli.&nbsp; Viac inform\u00e1ci\u00ed o ponuke n\u00e1jdete na str\u00e1nkach spolo\u010dnosti\u00a0DALIAN.\" \/>\n<meta property=\"og:url\" content=\"https:\/\/www.ozpksr.sk\/?page_id=34\" \/>\n<meta property=\"og:site_name\" content=\"Odborov\u00fd zv\u00e4z pracovn\u00edkov kni\u017en\u00edc Slovenskej republiky\" \/>\n<meta property=\"article:modified_time\" content=\"2021-08-06T01:11:01+00:00\" \/>\n<meta name=\"twitter:card\" content=\"summary_large_image\" \/>\n<meta name=\"twitter:label1\" content=\"Predpokladan\u00fd \u010das \u010d\u00edtania\" \/>\n\t<meta name=\"twitter:data1\" content=\"1 min\u00fata\" \/>\n<script type=\"application\/ld+json\" class=\"yoast-schema-graph\">{\"@context\":\"https:\/\/schema.org\",\"@graph\":[{\"@type\":\"WebPage\",\"@id\":\"https:\/\/www.ozpksr.sk\/?page_id=34\",\"url\":\"https:\/\/www.ozpksr.sk\/?page_id=34\",\"name\":\"V\u00fdhody pre \u010dlenov - Odborov\u00fd zv\u00e4z pracovn\u00edkov kni\u017en\u00edc Slovenskej republiky\",\"isPartOf\":{\"@id\":\"https:\/\/www.ozpksr.sk\/#website\"},\"datePublished\":\"2021-01-29T22:02:07+00:00\",\"dateModified\":\"2021-08-06T01:11:01+00:00\",\"breadcrumb\":{\"@id\":\"https:\/\/www.ozpksr.sk\/?page_id=34#breadcrumb\"},\"inLanguage\":\"sk-SK\",\"potentialAction\":[{\"@type\":\"ReadAction\",\"target\":[\"https:\/\/www.ozpksr.sk\/?page_id=34\"]}]},{\"@type\":\"BreadcrumbList\",\"@id\":\"https:\/\/www.ozpksr.sk\/?page_id=34#breadcrumb\",\"itemListElement\":[{\"@type\":\"ListItem\",\"position\":1,\"name\":\"Home\",\"item\":\"https:\/\/www.ozpksr.sk\/\"},{\"@type\":\"ListItem\",\"position\":2,\"name\":\"V\u00fdhody pre \u010dlenov\"}]},{\"@type\":\"WebSite\",\"@id\":\"https:\/\/www.ozpksr.sk\/#website\",\"url\":\"https:\/\/www.ozpksr.sk\/\",\"name\":\"Odborov\u00fd zv\u00e4z pracovn\u00edkov kni\u017en\u00edc Slovenskej republiky\",\"description\":\"\",\"potentialAction\":[{\"@type\":\"SearchAction\",\"target\":{\"@type\":\"EntryPoint\",\"urlTemplate\":\"https:\/\/www.ozpksr.sk\/?s={search_term_string}\"},\"query-input\":\"required name=search_term_string\"}],\"inLanguage\":\"sk-SK\"}]}<\/script>\n<!-- \/ Yoast SEO plugin. -->","yoast_head_json":{"title":"V\u00fdhody pre \u010dlenov - Odborov\u00fd zv\u00e4z pracovn\u00edkov kni\u017en\u00edc Slovenskej republiky","robots":{"index":"index","follow":"follow","max-snippet":"max-snippet:-1","max-image-preview":"max-image-preview:large","max-video-preview":"max-video-preview:-1"},"canonical":"https:\/\/www.ozpksr.sk\/?page_id=34","og_locale":"sk_SK","og_type":"article","og_title":"V\u00fdhody pre \u010dlenov - Odborov\u00fd zv\u00e4z pracovn\u00edkov kni\u017en\u00edc Slovenskej republiky","og_description":"V r\u00e1mci&nbsp;spolupr\u00e1ce so spolo\u010dnos\u0165ou DALIAN pon\u00fakame nov\u00e9&nbsp;benefity pre \u010dlenov odborov\u00e9ho zv\u00e4zu, ich&nbsp;rodinn\u00fdch pr\u00edslu\u0161n\u00edkov&nbsp;a t\u00fdch, ktor\u00ed sa e\u0161te nerozhodli.&nbsp; Viac inform\u00e1ci\u00ed o ponuke n\u00e1jdete na str\u00e1nkach spolo\u010dnosti\u00a0DALIAN.","og_url":"https:\/\/www.ozpksr.sk\/?page_id=34","og_site_name":"Odborov\u00fd zv\u00e4z pracovn\u00edkov kni\u017en\u00edc Slovenskej republiky","article_modified_time":"2021-08-06T01:11:01+00:00","twitter_card":"summary_large_image","twitter_misc":{"Predpokladan\u00fd \u010das \u010d\u00edtania":"1 min\u00fata"},"schema":{"@context":"https:\/\/schema.org","@graph":[{"@type":"WebPage","@id":"https:\/\/www.ozpksr.sk\/?page_id=34","url":"https:\/\/www.ozpksr.sk\/?page_id=34","name":"V\u00fdhody pre \u010dlenov - Odborov\u00fd zv\u00e4z pracovn\u00edkov kni\u017en\u00edc Slovenskej republiky","isPartOf":{"@id":"https:\/\/www.ozpksr.sk\/#website"},"datePublished":"2021-01-29T22:02:07+00:00","dateModified":"2021-08-06T01:11:01+00:00","breadcrumb":{"@id":"https:\/\/www.ozpksr.sk\/?page_id=34#breadcrumb"},"inLanguage":"sk-SK","potentialAction":[{"@type":"ReadAction","target":["https:\/\/www.ozpksr.sk\/?page_id=34"]}]},{"@type":"BreadcrumbList","@id":"https:\/\/www.ozpksr.sk\/?page_id=34#breadcrumb","itemListElement":[{"@type":"ListItem","position":1,"name":"Home","item":"https:\/\/www.ozpksr.sk\/"},{"@type":"ListItem","position":2,"name":"V\u00fdhody pre \u010dlenov"}]},{"@type":"WebSite","@id":"https:\/\/www.ozpksr.sk\/#website","url":"https:\/\/www.ozpksr.sk\/","name":"Odborov\u00fd zv\u00e4z pracovn\u00edkov kni\u017en\u00edc Slovenskej republiky","description":"","potentialAction":[{"@type":"SearchAction","target":{"@type":"EntryPoint","urlTemplate":"https:\/\/www.ozpksr.sk\/?s={search_term_string}"},"query-input":"required name=search_term_string"}],"inLanguage":"sk-SK"}]}},"_links":{"self":[{"href":"https:\/\/www.ozpksr.sk\/index.php?rest_route=\/wp\/v2\/pages\/34"}],"collection":[{"href":"https:\/\/www.ozpksr.sk\/index.php?rest_route=\/wp\/v2\/pages"}],"about":[{"href":"https:\/\/www.ozpksr.sk\/index.php?rest_route=\/wp\/v2\/types\/page"}],"author":[{"embeddable":true,"href":"https:\/\/www.ozpksr.sk\/index.php?rest_route=\/wp\/v2\/users\/1"}],"replies":[{"embeddable":true,"href":"https:\/\/www.ozpksr.sk\/index.php?rest_route=%2Fwp%2Fv2%2Fcomments&post=34"}],"version-history":[{"count":5,"href":"https:\/\/www.ozpksr.sk\/index.php?rest_route=\/wp\/v2\/pages\/34\/revisions"}],"predecessor-version":[{"id":161,"href":"https:\/\/www.ozpksr.sk\/index.php?rest_route=\/wp\/v2\/pages\/34\/revisions\/161"}],"wp:attachment":[{"href":"https:\/\/www.ozpksr.sk\/index.php?rest_route=%2Fwp%2Fv2%2Fmedia&parent=34"}],"curies":[{"name":"wp","href":"https:\/\/api.w.org\/{rel}","templated":true}]}}