{"id":33,"date":"2021-01-29T23:02:06","date_gmt":"2021-01-29T22:02:06","guid":{"rendered":"https:\/\/www.ozpksr.sk\/?page_id=33"},"modified":"2023-01-10T09:41:24","modified_gmt":"2023-01-10T08:41:24","slug":"dokumenty","status":"publish","type":"page","link":"https:\/\/www.ozpksr.sk\/?page_id=33","title":{"rendered":"Dokumenty"},"content":{"rendered":"\n<h2><strong>Z\u00c1KLADN\u00c9 DOKUMENTY OZPK SR SCHV\u00c1LEN\u00c9 ZJAZDOM 20. 5. 2022 VO ZVOLENE<\/strong><\/h2>\n\n\n\n<div class=\"wp-block-file\"><a id=\"wp-block-file--media-49ce1bbf-f4c7-4462-b00b-bedb860f6837\" href=\"https:\/\/www.ozpksr.sk\/wp-content\/uploads\/2022\/11\/Stanovy_OZPK_SR_2022.pdf\"><mark style=\"background-color:rgba(0, 0, 0, 0);color:#800020\" class=\"has-inline-color\">STANOVY OZPK SR<\/mark><\/a><a href=\"https:\/\/www.ozpksr.sk\/wp-content\/uploads\/2022\/11\/Stanovy_OZPK_SR_2022.pdf\" class=\"wp-block-file__button wp-element-button\" download aria-describedby=\"wp-block-file--media-49ce1bbf-f4c7-4462-b00b-bedb860f6837\">Stiahnu\u0165<\/a><\/div>\n\n\n\n<div class=\"wp-block-file\"><a id=\"wp-block-file--media-1956fa44-83a1-4c1b-96a9-2844b0a83e9f\" href=\"https:\/\/www.ozpksr.sk\/wp-content\/uploads\/2022\/11\/Zasady_OZPK_SR_2022.pdf\"><mark style=\"background-color:rgba(0, 0, 0, 0);color:#800020\" class=\"has-inline-color\">Z\u00c1SADY HOSPOD\u00c1RENIA S FINAN\u010cN\u00ddMI PROSTRIEDKAMI A MAJETKOM ODBOROV\u00ddCH ORGANIZ\u00c1CI\u00cd OZPK SR<\/mark><strong><mark style=\"background-color:rgba(0, 0, 0, 0);color:#800020\" class=\"has-inline-color\">\u00a0<\/mark><\/strong><\/a><a href=\"https:\/\/www.ozpksr.sk\/wp-content\/uploads\/2022\/11\/Zasady_OZPK_SR_2022.pdf\" class=\"wp-block-file__button wp-element-button\" download aria-describedby=\"wp-block-file--media-1956fa44-83a1-4c1b-96a9-2844b0a83e9f\">Stiahnu\u0165<\/a><\/div>\n\n\n\n<div class=\"wp-block-file\"><a id=\"wp-block-file--media-15b5e471-cea9-440d-b006-8c354212ffe8\" href=\"https:\/\/www.ozpksr.sk\/wp-content\/uploads\/2022\/11\/Financny_poriadok_OZPK_SR_2022.pdf\"><mark style=\"background-color:rgba(0, 0, 0, 0);color:#800020\" class=\"has-inline-color\">FINAN\u010cN\u00dd PORIADOK OZPK SR<\/mark><\/a><a href=\"https:\/\/www.ozpksr.sk\/wp-content\/uploads\/2022\/11\/Financny_poriadok_OZPK_SR_2022.pdf\" class=\"wp-block-file__button wp-element-button\" download aria-describedby=\"wp-block-file--media-15b5e471-cea9-440d-b006-8c354212ffe8\">Stiahnu\u0165<\/a><\/div>\n\n\n\n<div class=\"wp-block-file\"><a id=\"wp-block-file--media-276dac7c-0460-4301-ad50-44860d57179c\" href=\"https:\/\/www.ozpksr.sk\/wp-content\/uploads\/2021\/05\/04.-Zasady_soc_vypomoci_2017.pdf\"><mark style=\"background-color:rgba(0, 0, 0, 0);color:#800020\" class=\"has-inline-color\">Z\u00c1SADY POSKYTOVANIA SOCI\u00c1LNEJ V\u00ddPOMOCI<\/mark><\/a><a href=\"https:\/\/www.ozpksr.sk\/wp-content\/uploads\/2021\/05\/04.-Zasady_soc_vypomoci_2017.pdf\" class=\"wp-block-file__button wp-element-button\" download aria-describedby=\"wp-block-file--media-276dac7c-0460-4301-ad50-44860d57179c\">Stiahnu\u0165<\/a><\/div>\n\n\n\n<div class=\"wp-block-file\"><a id=\"wp-block-file--media-8f62e78e-c127-42bc-8e68-ce2ab7336a61\" href=\"https:\/\/www.ozpksr.sk\/wp-content\/uploads\/2022\/12\/program_OZPK_2022_2026.pdf\"><mark style=\"background-color:rgba(0, 0, 0, 0);color:#800020\" class=\"has-inline-color\">PROGRAM NA ROKY 2022-2026<\/mark><\/a><a href=\"https:\/\/www.ozpksr.sk\/wp-content\/uploads\/2022\/12\/program_OZPK_2022_2026.pdf\" class=\"wp-block-file__button wp-element-button\" download aria-describedby=\"wp-block-file--media-8f62e78e-c127-42bc-8e68-ce2ab7336a61\">Stiahnu\u0165<\/a><\/div>\n\n\n\n<div class=\"wp-block-file alignleft\"><a id=\"wp-block-file--media-3b33b706-a064-49be-b245-e8ee32c78f88\" href=\"https:\/\/www.ozpksr.sk\/wp-content\/uploads\/2022\/11\/kzvs_2023_2024-1.pdf\"><mark style=\"background-color:rgba(0, 0, 0, 0);color:#800020\" class=\"has-inline-color\">KOLEKT\u00cdVNA ZMLUVA VY\u0160\u0160IEHO STUP\u0147A PRE ZAMESTN\u00c1VATE\u013dOV, KTOR\u00cd PRI ODME\u0147OVAN\u00cd POSTUPUJ\u00da POD\u013dA Z\u00c1KONA \u010c. 553\/2003 Z.Z. O ODME\u0147OVAN\u00cd NIEKTOR\u00ddCH ZAMESTNANCOV PRI V\u00ddKONE PR\u00c1CE VO VEREJNOM Z\u00c1UJME NA <mark style=\"background-color:rgba(0, 0, 0, 0);color:#800020\" class=\"has-inline-color\">OBDOBIE 1.1.2023 &#8211; 31.8.2024<\/mark><\/mark><\/a><a href=\"https:\/\/www.ozpksr.sk\/wp-content\/uploads\/2022\/11\/kzvs_2023_2024-1.pdf\" class=\"wp-block-file__button wp-element-button\" download aria-describedby=\"wp-block-file--media-3b33b706-a064-49be-b245-e8ee32c78f88\">Stiahnu\u0165<\/a><\/div>\n\n\n\n<p><\/p>\n\n\n\n<p><\/p>\n\n\n\n<h2><strong>\u010eAL\u0160IE DOKUMENTY<\/strong><\/h2>\n\n\n\n<div class=\"wp-block-file\"><a id=\"wp-block-file--media-496b2652-8b41-4352-88f7-d1c32091a2fd\" href=\"https:\/\/www.ozpksr.sk\/wp-content\/uploads\/2021\/06\/07.-Novela-ZP-2021.pdf\"><mark style=\"background-color:rgba(0, 0, 0, 0);color:#800020\" class=\"has-inline-color\">NOVELA Z\u00c1KONN\u00cdKA PR\u00c1CE \u010c. 76\/2021 Z.Z.<\/mark><\/a><a href=\"https:\/\/www.ozpksr.sk\/wp-content\/uploads\/2021\/06\/07.-Novela-ZP-2021.pdf\" class=\"wp-block-file__button wp-element-button\" download aria-describedby=\"wp-block-file--media-496b2652-8b41-4352-88f7-d1c32091a2fd\">Stiahnu\u0165<\/a><\/div>\n\n\n\n<div class=\"wp-block-file\"><a id=\"wp-block-file--media-33b6b09b-8987-4993-95f4-167b70adf577\" href=\"https:\/\/www.ozpksr.sk\/wp-content\/uploads\/2021\/06\/08.-Info-o-odboroch.pdf\"><mark style=\"background-color:rgba(0, 0, 0, 0);color:#800020\" class=\"has-inline-color\">INFORM\u00c1CIE O ODBOROCH<\/mark><\/a><a href=\"https:\/\/www.ozpksr.sk\/wp-content\/uploads\/2021\/06\/08.-Info-o-odboroch.pdf\" class=\"wp-block-file__button wp-element-button\" download aria-describedby=\"wp-block-file--media-33b6b09b-8987-4993-95f4-167b70adf577\">Stiahnu\u0165<\/a><\/div>\n\n\n\n<h2><strong>VZOROV\u00c9 FORMUL\u00c1RE PRE Z\u00c1KLADN\u00c9 ORGANIZ\u00c1CIE OZPK SR<\/strong><\/h2>\n\n\n\n<div class=\"wp-block-file\"><a id=\"wp-block-file--media-16d7ab23-58ac-410f-8874-f7b4954a7bdd\" href=\"https:\/\/www.ozpksr.sk\/wp-content\/uploads\/2021\/05\/01.-ozpk_ev_karta_a_prihlaska.pdf\"><mark style=\"background-color:rgba(0, 0, 0, 0);color:#800020\" class=\"has-inline-color\">PRIHL\u00c1\u0160KA ZA \u010cLENA Z\u00c1KLADNEJ ORGANIZ\u00c1CIE<\/mark><\/a><a href=\"https:\/\/www.ozpksr.sk\/wp-content\/uploads\/2021\/05\/01.-ozpk_ev_karta_a_prihlaska.pdf\" class=\"wp-block-file__button wp-element-button\" download aria-describedby=\"wp-block-file--media-16d7ab23-58ac-410f-8874-f7b4954a7bdd\">Stiahnu\u0165<\/a><\/div>\n\n\n\n<div class=\"wp-block-file\"><a id=\"wp-block-file--media-3840cd37-4001-4ecc-81fd-b4021796c5ca\" href=\"https:\/\/www.ozpksr.sk\/wp-content\/uploads\/2021\/05\/02.-odhlaska_clena_zo.pdf\"><mark style=\"background-color:rgba(0, 0, 0, 0);color:#800020\" class=\"has-inline-color\">ODHL\u00c1\u0160KA\u00a0\u010cLENA Z\u00c1KLADNEJ ORGANIZ\u00c1CIE<\/mark><\/a><a href=\"https:\/\/www.ozpksr.sk\/wp-content\/uploads\/2021\/05\/02.-odhlaska_clena_zo.pdf\" class=\"wp-block-file__button wp-element-button\" download aria-describedby=\"wp-block-file--media-3840cd37-4001-4ecc-81fd-b4021796c5ca\">Stiahnu\u0165<\/a><\/div>\n\n\n\n<div class=\"wp-block-file\"><a id=\"wp-block-file--media-2a444935-c1aa-4053-a751-adfff6dd2d93\" href=\"https:\/\/www.ozpksr.sk\/wp-content\/uploads\/2021\/05\/03.-ziadost_podpora.pdf\"><mark style=\"background-color:rgba(0, 0, 0, 0);color:#800020\" class=\"has-inline-color\">\u017dIADOS\u0164 O\u00a0POSKYTNUTIE PODPORY NA PREKONANIE \u0164A\u017dKEJ FINAN\u010cNEJ SITU\u00c1CIE<\/mark><\/a><a href=\"https:\/\/www.ozpksr.sk\/wp-content\/uploads\/2021\/05\/03.-ziadost_podpora.pdf\" class=\"wp-block-file__button wp-element-button\" download aria-describedby=\"wp-block-file--media-2a444935-c1aa-4053-a751-adfff6dd2d93\">Stiahnu\u0165<\/a><\/div>\n\n\n\n<p><\/p>\n","protected":false},"excerpt":{"rendered":"<p>Z\u00c1KLADN\u00c9 DOKUMENTY OZPK SR SCHV\u00c1LEN\u00c9 ZJAZDOM 20. 5. 2022 VO ZVOLENE \u010eAL\u0160IE DOKUMENTY VZOROV\u00c9 FORMUL\u00c1RE PRE Z\u00c1KLADN\u00c9 ORGANIZ\u00c1CIE OZPK SR<\/p>\n","protected":false},"author":1,"featured_media":0,"parent":0,"menu_order":0,"comment_status":"closed","ping_status":"closed","template":"","meta":{"_mi_skip_tracking":false},"yoast_head":"<!-- This site is optimized with the Yoast SEO plugin v21.1 - https:\/\/yoast.com\/wordpress\/plugins\/seo\/ -->\n<title>Dokumenty - Odborov\u00fd zv\u00e4z pracovn\u00edkov kni\u017en\u00edc Slovenskej republiky<\/title>\n<meta name=\"robots\" content=\"index, follow, max-snippet:-1, max-image-preview:large, max-video-preview:-1\" \/>\n<link rel=\"canonical\" href=\"https:\/\/www.ozpksr.sk\/?page_id=33\" \/>\n<meta property=\"og:locale\" content=\"sk_SK\" \/>\n<meta property=\"og:type\" content=\"article\" \/>\n<meta property=\"og:title\" content=\"Dokumenty - Odborov\u00fd zv\u00e4z pracovn\u00edkov kni\u017en\u00edc Slovenskej republiky\" \/>\n<meta property=\"og:description\" content=\"Z\u00c1KLADN\u00c9 DOKUMENTY OZPK SR SCHV\u00c1LEN\u00c9 ZJAZDOM 20. 5. 2022 VO ZVOLENE \u010eAL\u0160IE DOKUMENTY VZOROV\u00c9 FORMUL\u00c1RE PRE Z\u00c1KLADN\u00c9 ORGANIZ\u00c1CIE OZPK SR\" \/>\n<meta property=\"og:url\" content=\"https:\/\/www.ozpksr.sk\/?page_id=33\" \/>\n<meta property=\"og:site_name\" content=\"Odborov\u00fd zv\u00e4z pracovn\u00edkov kni\u017en\u00edc Slovenskej republiky\" \/>\n<meta property=\"article:modified_time\" content=\"2023-01-10T08:41:24+00:00\" \/>\n<meta name=\"twitter:card\" content=\"summary_large_image\" \/>\n<meta name=\"twitter:label1\" content=\"Predpokladan\u00fd \u010das \u010d\u00edtania\" \/>\n\t<meta name=\"twitter:data1\" content=\"1 min\u00fata\" \/>\n<script type=\"application\/ld+json\" class=\"yoast-schema-graph\">{\"@context\":\"https:\/\/schema.org\",\"@graph\":[{\"@type\":\"WebPage\",\"@id\":\"https:\/\/www.ozpksr.sk\/?page_id=33\",\"url\":\"https:\/\/www.ozpksr.sk\/?page_id=33\",\"name\":\"Dokumenty - Odborov\u00fd zv\u00e4z pracovn\u00edkov kni\u017en\u00edc Slovenskej republiky\",\"isPartOf\":{\"@id\":\"https:\/\/www.ozpksr.sk\/#website\"},\"datePublished\":\"2021-01-29T22:02:06+00:00\",\"dateModified\":\"2023-01-10T08:41:24+00:00\",\"breadcrumb\":{\"@id\":\"https:\/\/www.ozpksr.sk\/?page_id=33#breadcrumb\"},\"inLanguage\":\"sk-SK\",\"potentialAction\":[{\"@type\":\"ReadAction\",\"target\":[\"https:\/\/www.ozpksr.sk\/?page_id=33\"]}]},{\"@type\":\"BreadcrumbList\",\"@id\":\"https:\/\/www.ozpksr.sk\/?page_id=33#breadcrumb\",\"itemListElement\":[{\"@type\":\"ListItem\",\"position\":1,\"name\":\"Home\",\"item\":\"https:\/\/www.ozpksr.sk\/\"},{\"@type\":\"ListItem\",\"position\":2,\"name\":\"Dokumenty\"}]},{\"@type\":\"WebSite\",\"@id\":\"https:\/\/www.ozpksr.sk\/#website\",\"url\":\"https:\/\/www.ozpksr.sk\/\",\"name\":\"Odborov\u00fd zv\u00e4z pracovn\u00edkov kni\u017en\u00edc Slovenskej republiky\",\"description\":\"\",\"potentialAction\":[{\"@type\":\"SearchAction\",\"target\":{\"@type\":\"EntryPoint\",\"urlTemplate\":\"https:\/\/www.ozpksr.sk\/?s={search_term_string}\"},\"query-input\":\"required name=search_term_string\"}],\"inLanguage\":\"sk-SK\"}]}<\/script>\n<!-- \/ Yoast SEO plugin. -->","yoast_head_json":{"title":"Dokumenty - Odborov\u00fd zv\u00e4z pracovn\u00edkov kni\u017en\u00edc Slovenskej republiky","robots":{"index":"index","follow":"follow","max-snippet":"max-snippet:-1","max-image-preview":"max-image-preview:large","max-video-preview":"max-video-preview:-1"},"canonical":"https:\/\/www.ozpksr.sk\/?page_id=33","og_locale":"sk_SK","og_type":"article","og_title":"Dokumenty - Odborov\u00fd zv\u00e4z pracovn\u00edkov kni\u017en\u00edc Slovenskej republiky","og_description":"Z\u00c1KLADN\u00c9 DOKUMENTY OZPK SR SCHV\u00c1LEN\u00c9 ZJAZDOM 20. 5. 2022 VO ZVOLENE \u010eAL\u0160IE DOKUMENTY VZOROV\u00c9 FORMUL\u00c1RE PRE Z\u00c1KLADN\u00c9 ORGANIZ\u00c1CIE OZPK SR","og_url":"https:\/\/www.ozpksr.sk\/?page_id=33","og_site_name":"Odborov\u00fd zv\u00e4z pracovn\u00edkov kni\u017en\u00edc Slovenskej republiky","article_modified_time":"2023-01-10T08:41:24+00:00","twitter_card":"summary_large_image","twitter_misc":{"Predpokladan\u00fd \u010das \u010d\u00edtania":"1 min\u00fata"},"schema":{"@context":"https:\/\/schema.org","@graph":[{"@type":"WebPage","@id":"https:\/\/www.ozpksr.sk\/?page_id=33","url":"https:\/\/www.ozpksr.sk\/?page_id=33","name":"Dokumenty - Odborov\u00fd zv\u00e4z pracovn\u00edkov kni\u017en\u00edc Slovenskej republiky","isPartOf":{"@id":"https:\/\/www.ozpksr.sk\/#website"},"datePublished":"2021-01-29T22:02:06+00:00","dateModified":"2023-01-10T08:41:24+00:00","breadcrumb":{"@id":"https:\/\/www.ozpksr.sk\/?page_id=33#breadcrumb"},"inLanguage":"sk-SK","potentialAction":[{"@type":"ReadAction","target":["https:\/\/www.ozpksr.sk\/?page_id=33"]}]},{"@type":"BreadcrumbList","@id":"https:\/\/www.ozpksr.sk\/?page_id=33#breadcrumb","itemListElement":[{"@type":"ListItem","position":1,"name":"Home","item":"https:\/\/www.ozpksr.sk\/"},{"@type":"ListItem","position":2,"name":"Dokumenty"}]},{"@type":"WebSite","@id":"https:\/\/www.ozpksr.sk\/#website","url":"https:\/\/www.ozpksr.sk\/","name":"Odborov\u00fd zv\u00e4z pracovn\u00edkov kni\u017en\u00edc Slovenskej republiky","description":"","potentialAction":[{"@type":"SearchAction","target":{"@type":"EntryPoint","urlTemplate":"https:\/\/www.ozpksr.sk\/?s={search_term_string}"},"query-input":"required name=search_term_string"}],"inLanguage":"sk-SK"}]}},"_links":{"self":[{"href":"https:\/\/www.ozpksr.sk\/index.php?rest_route=\/wp\/v2\/pages\/33"}],"collection":[{"href":"https:\/\/www.ozpksr.sk\/index.php?rest_route=\/wp\/v2\/pages"}],"about":[{"href":"https:\/\/www.ozpksr.sk\/index.php?rest_route=\/wp\/v2\/types\/page"}],"author":[{"embeddable":true,"href":"https:\/\/www.ozpksr.sk\/index.php?rest_route=\/wp\/v2\/users\/1"}],"replies":[{"embeddable":true,"href":"https:\/\/www.ozpksr.sk\/index.php?rest_route=%2Fwp%2Fv2%2Fcomments&post=33"}],"version-history":[{"count":6,"href":"https:\/\/www.ozpksr.sk\/index.php?rest_route=\/wp\/v2\/pages\/33\/revisions"}],"predecessor-version":[{"id":203,"href":"https:\/\/www.ozpksr.sk\/index.php?rest_route=\/wp\/v2\/pages\/33\/revisions\/203"}],"wp:attachment":[{"href":"https:\/\/www.ozpksr.sk\/index.php?rest_route=%2Fwp%2Fv2%2Fmedia&parent=33"}],"curies":[{"name":"wp","href":"https:\/\/api.w.org\/{rel}","templated":true}]}}